{"id":149,"date":"2023-08-21T09:56:35","date_gmt":"2023-08-21T07:56:35","guid":{"rendered":"https:\/\/jobs-hiob.ch\/fr\/?page_id=149"},"modified":"2023-08-21T09:59:49","modified_gmt":"2023-08-21T07:59:49","slug":"declaration-de-confidentialite","status":"publish","type":"page","link":"https:\/\/jobs-hiob.ch\/fr\/declaration-de-confidentialite\/","title":{"rendered":"D\u00e9claration de confidentialit\u00e9"},"content":{"rendered":"<p>Notre d\u00e9claration de confidentialit\u00e9 est h\u00e9berg\u00e9e en dehors de ce serveur et maintenue par PrivacyBee.<\/p>\n<p>Pour la lire, veuillez cliquer sur l&rsquo;image :<\/p>\n<p><a href=\"https:\/\/www.privacybee.ch\/v\/cllgenqpu6312820rtrfmqmli3?lang=fr\"><img loading=\"lazy\" decoding=\"async\" class=\"alignnone wp-image-5226 size-full\" src=\"https:\/\/jobs-hiob.ch\/wp-content\/uploads\/2023\/08\/dsgvo-privacy-policy-3344455_1280.jpg\" alt=\"\" width=\"1280\" height=\"640\" \/><\/a><\/p>\n<p>&nbsp;<\/p>\n","protected":false},"excerpt":{"rendered":"<p>Notre d\u00e9claration de confidentialit\u00e9 est h\u00e9berg\u00e9e en dehors de ce serveur et maintenue par PrivacyBee. Pour la lire, veuillez cliquer sur l&rsquo;image : &nbsp;<\/p>\n","protected":false},"author":1,"featured_media":0,"parent":0,"menu_order":0,"comment_status":"closed","ping_status":"closed","template":"","meta":{"footnotes":""},"class_list":["post-149","page","type-page","status-publish","hentry"],"_links":{"self":[{"href":"https:\/\/jobs-hiob.ch\/fr\/wp-json\/wp\/v2\/pages\/149","targetHints":{"allow":["GET"]}}],"collection":[{"href":"https:\/\/jobs-hiob.ch\/fr\/wp-json\/wp\/v2\/pages"}],"about":[{"href":"https:\/\/jobs-hiob.ch\/fr\/wp-json\/wp\/v2\/types\/page"}],"author":[{"embeddable":true,"href":"https:\/\/jobs-hiob.ch\/fr\/wp-json\/wp\/v2\/users\/1"}],"replies":[{"embeddable":true,"href":"https:\/\/jobs-hiob.ch\/fr\/wp-json\/wp\/v2\/comments?post=149"}],"version-history":[{"count":1,"href":"https:\/\/jobs-hiob.ch\/fr\/wp-json\/wp\/v2\/pages\/149\/revisions"}],"predecessor-version":[{"id":150,"href":"https:\/\/jobs-hiob.ch\/fr\/wp-json\/wp\/v2\/pages\/149\/revisions\/150"}],"wp:attachment":[{"href":"https:\/\/jobs-hiob.ch\/fr\/wp-json\/wp\/v2\/media?parent=149"}],"curies":[{"name":"wp","href":"https:\/\/api.w.org\/{rel}","templated":true}]}}